{"id":692,"date":"2023-05-03T10:46:13","date_gmt":"2023-05-03T10:46:13","guid":{"rendered":"https:\/\/associaciocatcasinos.cat\/avis-legal\/"},"modified":"2026-04-01T15:57:06","modified_gmt":"2026-04-01T15:57:06","slug":"avis-legal","status":"publish","type":"page","link":"https:\/\/associaciocatcasinos.cat\/es\/avis-legal\/","title":{"rendered":"Aviso Legal"},"content":{"rendered":"\t\t<div data-elementor-type=\"wp-page\" data-elementor-id=\"692\" class=\"elementor elementor-692 elementor-288\" data-elementor-post-type=\"page\">\n\t\t\t\t\t\t\t<div class=\"elementor-element elementor-element-d987f66 e-flex e-con-boxed e-con\" data-id=\"d987f66\" data-element_type=\"container\" data-settings=\"{&quot;background_background&quot;:&quot;classic&quot;,&quot;content_width&quot;:&quot;boxed&quot;}\">\n\t\t\t\t\t<div class=\"e-con-inner\">\n\t\t<div class=\"elementor-element elementor-element-6be90b9 e-flex e-con-boxed e-con\" data-id=\"6be90b9\" data-element_type=\"container\" data-settings=\"{&quot;content_width&quot;:&quot;boxed&quot;}\">\n\t\t\t\t\t<div class=\"e-con-inner\">\n\t\t\t\t<div class=\"elementor-element elementor-element-0256e96 elementor-widget elementor-widget-heading\" data-id=\"0256e96\" data-element_type=\"widget\" data-widget_type=\"heading.default\">\n\t\t\t\t<div class=\"elementor-widget-container\">\n\t\t\t<style>\/*! elementor - v3.14.0 - 26-06-2023 *\/\n.elementor-heading-title{padding:0;margin:0;line-height:1}.elementor-widget-heading .elementor-heading-title[class*=elementor-size-]>a{color:inherit;font-size:inherit;line-height:inherit}.elementor-widget-heading .elementor-heading-title.elementor-size-small{font-size:15px}.elementor-widget-heading .elementor-heading-title.elementor-size-medium{font-size:19px}.elementor-widget-heading .elementor-heading-title.elementor-size-large{font-size:29px}.elementor-widget-heading .elementor-heading-title.elementor-size-xl{font-size:39px}.elementor-widget-heading .elementor-heading-title.elementor-size-xxl{font-size:59px}<\/style><h1 class=\"elementor-heading-title elementor-size-default\">Aviso Legal<\/h1>\t\t<\/div>\n\t\t\t\t<\/div>\n\t\t\t\t\t<\/div>\n\t\t\t\t<\/div>\n\t\t\t\t\t<\/div>\n\t\t\t\t<\/div>\n\t\t<div class=\"elementor-element elementor-element-5a1679a e-flex e-con-boxed e-con\" data-id=\"5a1679a\" data-element_type=\"container\" data-settings=\"{&quot;content_width&quot;:&quot;boxed&quot;}\">\n\t\t\t\t\t<div class=\"e-con-inner\">\n\t\t<div class=\"elementor-element elementor-element-2e0489f e-flex e-con-boxed e-con\" data-id=\"2e0489f\" data-element_type=\"container\" data-settings=\"{&quot;content_width&quot;:&quot;boxed&quot;}\">\n\t\t\t\t\t<div class=\"e-con-inner\">\n\t\t\t\t<div class=\"elementor-element elementor-element-cfeb017 elementor-widget elementor-widget-heading\" data-id=\"cfeb017\" data-element_type=\"widget\" data-widget_type=\"heading.default\">\n\t\t\t\t<div class=\"elementor-widget-container\">\n\t\t\t<h2 class=\"elementor-heading-title elementor-size-default\">1. Informaci\u00f3n registral de la P\u00e1gina Web<\/h2>\t\t<\/div>\n\t\t\t\t<\/div>\n\t\t\t\t<div class=\"elementor-element elementor-element-7c82f33 elementor-widget elementor-widget-text-editor\" data-id=\"7c82f33\" data-element_type=\"widget\" data-widget_type=\"text-editor.default\">\n\t\t\t\t<div class=\"elementor-widget-container\">\n\t\t\t<style>\/*! elementor - v3.14.0 - 26-06-2023 *\/\n.elementor-widget-text-editor.elementor-drop-cap-view-stacked .elementor-drop-cap{background-color:#69727d;color:#fff}.elementor-widget-text-editor.elementor-drop-cap-view-framed .elementor-drop-cap{color:#69727d;border:3px solid;background-color:transparent}.elementor-widget-text-editor:not(.elementor-drop-cap-view-default) .elementor-drop-cap{margin-top:8px}.elementor-widget-text-editor:not(.elementor-drop-cap-view-default) .elementor-drop-cap-letter{width:1em;height:1em}.elementor-widget-text-editor .elementor-drop-cap{float:left;text-align:center;line-height:1;font-size:50px}.elementor-widget-text-editor .elementor-drop-cap-letter{display:inline-block}<\/style>\t\t\t\t<p>Los datos registrales y de contacto del titular de esta p\u00e1gina web son:<\/p><p><strong>Titular:<\/strong> Associaci\u00f3 Catalana de Casinos (la \u201c<strong>Associaci\u00f3<\/strong> o <strong>ACC<\/strong>\u201d)<\/p><p><strong>Domicilio social:<\/strong> Pere II de Montcada 1, 08034 Barcelona<\/p><p><strong>N.I.F.:<\/strong> G-72892821<\/p><p><strong>E-mail:<\/strong> info@associaciocatcasinos.cat<\/p><p><strong>Tel\u00e9fono: <\/strong>93 503 86 00<\/p><p><strong>Datos registrales:<\/strong> Inscrita en la Secci\u00f3n 1\u00aa del Registre d\u2019associacions de la Generalitat de Catalunya con el n\u00famero 72342<\/p>\t\t\t\t\t\t<\/div>\n\t\t\t\t<\/div>\n\t\t\t\t<div class=\"elementor-element elementor-element-81610c6 elementor-widget elementor-widget-heading\" data-id=\"81610c6\" data-element_type=\"widget\" data-widget_type=\"heading.default\">\n\t\t\t\t<div class=\"elementor-widget-container\">\n\t\t\t<h2 class=\"elementor-heading-title elementor-size-default\">2. Objeto<\/h2>\t\t<\/div>\n\t\t\t\t<\/div>\n\t\t\t\t<div class=\"elementor-element elementor-element-0183d1d elementor-widget elementor-widget-text-editor\" data-id=\"0183d1d\" data-element_type=\"widget\" data-widget_type=\"text-editor.default\">\n\t\t\t\t<div class=\"elementor-widget-container\">\n\t\t\t\t\t\t\t<p>El presente aviso legal (el \u201c<strong>Aviso Legal<\/strong>\u201d) rige el acceso y la utilizaci\u00f3n del sitio web accesible mediante la URL <a class=\"underline underline underline-offset-2 decoration-1 decoration-current\/40 hover:decoration-current focus:decoration-current\" href=\"http:\/\/www.associaciocatcasinos.cat\">www.associaciocatcasinos.cat<\/a> y sus subdominios (la \u201c<strong>P\u00e1gina Web<\/strong>\u201d).<\/p><p>El simple acceso a la P\u00e1gina Web atribuye a quien lo realiza la condici\u00f3n de usuario de la misma (el \u201c<strong>Usuario<\/strong>\u201d) e implica la aceptaci\u00f3n por \u00e9ste de todos los t\u00e9rminos incluidos en este Aviso Legal. En caso de no estar de acuerdo con este Aviso Legal, el Usuario debe abandonar inmediatamente la P\u00e1gina Web sin utilizarla, de lo contrario se entender\u00e1 que acepta las presentes condiciones. <\/p><p>Por medio de la aceptaci\u00f3n del presente Aviso Legal, el Usuario manifiesta que i) ha le\u00eddo, entiende y comprende lo aqu\u00ed expuesto; y ii) asume el cumplimiento de todas las obligaciones aqu\u00ed dispuestas. El Usuario debe leer atentamente el presente Aviso Legal, ya que el mismo puede sufrir modificaciones, que una vez publicadas en la P\u00e1gina Web, le ser\u00e1n plenamente aplicables al Usuario.   <\/p>\t\t\t\t\t\t<\/div>\n\t\t\t\t<\/div>\n\t\t\t\t<div class=\"elementor-element elementor-element-b6d2e26 elementor-widget elementor-widget-text-editor\" data-id=\"b6d2e26\" data-element_type=\"widget\" data-widget_type=\"text-editor.default\">\n\t\t\t\t<div class=\"elementor-widget-container\">\n\t\t\t\t\t\t\t<p>No, no trataremos datos de categor\u00edas especiales tales como datos de salud, origen \u00e9tnico o racial, convicciones religiosas, opiniones pol\u00edticas, etc.<\/p>\t\t\t\t\t\t<\/div>\n\t\t\t\t<\/div>\n\t\t\t\t<div class=\"elementor-element elementor-element-6be110b elementor-widget elementor-widget-heading\" data-id=\"6be110b\" data-element_type=\"widget\" data-widget_type=\"heading.default\">\n\t\t\t\t<div class=\"elementor-widget-container\">\n\t\t\t<h2 class=\"elementor-heading-title elementor-size-default\">3. Capacidad legal<\/h2>\t\t<\/div>\n\t\t\t\t<\/div>\n\t\t\t\t<div class=\"elementor-element elementor-element-ab43574 elementor-widget elementor-widget-text-editor\" data-id=\"ab43574\" data-element_type=\"widget\" data-widget_type=\"text-editor.default\">\n\t\t\t\t<div class=\"elementor-widget-container\">\n\t\t\t\t\t\t\t<p>Los contenidos ofrecidos a trav\u00e9s de la P\u00e1gina Web tienen como destinatarios \u00fanicamente a las personas f\u00edsicas que hayan alcanzado la mayor\u00eda de edad legal y dispongan de la capacidad jur\u00eddica suficiente para la aceptaci\u00f3n del presente Aviso Legal.<\/p>\t\t\t\t\t\t<\/div>\n\t\t\t\t<\/div>\n\t\t\t\t<div class=\"elementor-element elementor-element-4fcb6f9 elementor-widget elementor-widget-heading\" data-id=\"4fcb6f9\" data-element_type=\"widget\" data-widget_type=\"heading.default\">\n\t\t\t\t<div class=\"elementor-widget-container\">\n\t\t\t<h2 class=\"elementor-heading-title elementor-size-default\">4. Contenidos ofrecidos a trav\u00e9s de la P\u00e1gina Web<\/h2>\t\t<\/div>\n\t\t\t\t<\/div>\n\t\t\t\t<div class=\"elementor-element elementor-element-d8c47bd elementor-widget elementor-widget-text-editor\" data-id=\"d8c47bd\" data-element_type=\"widget\" data-widget_type=\"text-editor.default\">\n\t\t\t\t<div class=\"elementor-widget-container\">\n\t\t\t\t\t\t\t<p>La Associaci\u00f3 es una entidad sin \u00e1nimo de lucro en torno a la cual se aglutinan a ciertos operadores que disponen de una licencia de instalaci\u00f3n y explotaci\u00f3n de casinos de juego.<\/p><p>A trav\u00e9s de la P\u00e1gina Web el Usuario podr\u00e1 acceder principalmente a una serie de contenidos e informaciones sobre los objetivos, valores y compromisos tanto de la propia ACC como de los miembros que integran la Associaci\u00f3. La P\u00e1gina Web no comercializa productos ni servicios, sino que \u00fanicamente ofrece contenido de car\u00e1cter informativo respecto a los asociados de la ACC y el sector del juego en general. <\/p><p>Con el objeto de resolver cualquier duda o sugerencia que pueda tener un Usuario, la P\u00e1gina Web tambi\u00e9n ofrece un formulario de contacto.<\/p>\t\t\t\t\t\t<\/div>\n\t\t\t\t<\/div>\n\t\t\t\t<div class=\"elementor-element elementor-element-be27aab elementor-widget elementor-widget-heading\" data-id=\"be27aab\" data-element_type=\"widget\" data-widget_type=\"heading.default\">\n\t\t\t\t<div class=\"elementor-widget-container\">\n\t\t\t<h2 class=\"elementor-heading-title elementor-size-default\">5. Acceso y normas de utilizaci\u00f3n de la P\u00e1gina Web<\/h2>\t\t<\/div>\n\t\t\t\t<\/div>\n\t\t\t\t<div class=\"elementor-element elementor-element-ef01338 elementor-widget elementor-widget-text-editor\" data-id=\"ef01338\" data-element_type=\"widget\" data-widget_type=\"text-editor.default\">\n\t\t\t\t<div class=\"elementor-widget-container\">\n\t\t\t\t\t\t\t<p class=\"font-claude-response-body break-words whitespace-pre-wrap leading-[1.7]\">La Associaci\u00f3 se reserva en todo caso el derecho de efectuar aquellas modificaciones que estime oportunas en la P\u00e1gina Web. Ello implica que ACC podr\u00e1 modificar, suprimir y\/o a\u00f1adir los contenidos que se ofrezcan a trav\u00e9s de la misma, as\u00ed como la forma en la que \u00e9stos aparezcan presentados o localizados en la P\u00e1gina Web. <\/p><p class=\"font-claude-response-body break-words whitespace-pre-wrap leading-[1.7]\">El Usuario se obliga a:<\/p><ul class=\"[li_&amp;]:mb-0 [li_&amp;]:mt-1 [li_&amp;]:gap-1 [&amp;:not(:last-child)_ul]:pb-1 [&amp;:not(:last-child)_ol]:pb-1 list-disc flex flex-col gap-1 pl-8 mb-3\"><li class=\"whitespace-normal break-words pl-2\">Utilizar la P\u00e1gina Web y todo su contenido y servicios conforme a lo establecido en la ley y en el presente Aviso Legal.<\/li><li class=\"whitespace-normal break-words pl-2\">Hacer un uso adecuado y leg\u00edtimo de los contenidos de la P\u00e1gina Web y a no emplearlos para realizar actividades il\u00edcitas, que atenten contra los derechos de terceros y\/o que infrinjan la regulaci\u00f3n sobre propiedad industrial e intelectual, o cualesquiera otras normas del ordenamiento jur\u00eddico aplicable.<\/li><li class=\"whitespace-normal break-words pl-2\">No transmitir, introducir, difundir y\/o poner a disposici\u00f3n de terceros cualquier tipo de material e informaci\u00f3n (datos, contenidos, mensajes, dibujos, archivos de sonido e imagen, fotograf\u00edas, software, etc.) que no sea de la exclusiva titularidad del Usuario.<\/li><li class=\"whitespace-normal break-words pl-2\">No hacer uso de hiperenlaces o dispositivos t\u00e9cnicos de enlace con fines mercantiles en p\u00e1ginas web ajenas a la de la Associaci\u00f3, que permitan el acceso al presente dominio, sin el consentimiento previo y por escrito de la ACC.<\/li><\/ul>\t\t\t\t\t\t<\/div>\n\t\t\t\t<\/div>\n\t\t\t\t<div class=\"elementor-element elementor-element-558b92a elementor-widget elementor-widget-heading\" data-id=\"558b92a\" data-element_type=\"widget\" data-widget_type=\"heading.default\">\n\t\t\t\t<div class=\"elementor-widget-container\">\n\t\t\t<h2 class=\"elementor-heading-title elementor-size-default\">6. Garant\u00edas y responsabilidad<\/h2>\t\t<\/div>\n\t\t\t\t<\/div>\n\t\t\t\t<div class=\"elementor-element elementor-element-69dbf6e elementor-widget elementor-widget-text-editor\" data-id=\"69dbf6e\" data-element_type=\"widget\" data-widget_type=\"text-editor.default\">\n\t\t\t\t<div class=\"elementor-widget-container\">\n\t\t\t\t\t\t\t<p>La Associaci\u00f3 se reserva el derecho a interrumpir el acceso a su P\u00e1gina Web, as\u00ed como la prestaci\u00f3n de cualquiera de los contenidos que se ofrecen a trav\u00e9s de la misma en cualquier momento, ya sea por motivos t\u00e9cnicos, de seguridad, de control, de mantenimiento y\/o por cualquier otra causa.<\/p><p>Sin perjuicio de los derechos y garant\u00edas legales que pudiesen resultar de aplicaci\u00f3n, la ACC no garantiza la plena y permanente fiabilidad, disponibilidad ni continuidad de su P\u00e1gina Web, ni la de los contenidos que a trav\u00e9s de ella se ofrecen. La Associaci\u00f3 no ser\u00e1 responsable por interrupciones temporales del servicio, demoras, errores, mal funcionamiento y, en general, dem\u00e1s inconvenientes que tengan su origen en causas que escapan al control de la Associaci\u00f3 y\/o se deban a la actuaci\u00f3n dolosa o culposa del Usuario y\/o vengan causadas por fuerza mayor. En este sentido, la ACC excluye, en toda la extensi\u00f3n permitida por el ordenamiento jur\u00eddico aplicable, cualquier responsabilidad por los da\u00f1os y perjuicios de toda naturaleza que puedan deberse a la falta de disponibilidad y\/o continuidad de su P\u00e1gina Web.  <\/p><p>La Associaci\u00f3 adoptar\u00e1 las correspondientes medidas de seguridad para detectar la existencia de virus. No obstante, la ACC no se hace responsable de los da\u00f1os ocasionados en los sistemas inform\u00e1ticos de los Usuarios por causas ajenas a su voluntad, ni los derivados de la falta de disponibilidad y\/o continuidad del presente sitio web, ni de aquellos que sean producidos por la existencia de virus inform\u00e1ticos en Internet. <\/p><p>La Associaci\u00f3 no asume la responsabilidad de la utilizaci\u00f3n que el Usuario realice del contenido de la P\u00e1gina Web que pueda suponer una violaci\u00f3n de cualquier tipo de norma, nacional o internacional, de los derechos de propiedad industrial e intelectual o cualquier otro derecho de terceros. Tanto el acceso a la P\u00e1gina Web como el uso que pueda hacerse de la informaci\u00f3n contenida en la misma es de la exclusiva responsabilidad de quien lo realiza. La ACC no responder\u00e1 de ning\u00fan da\u00f1o y\/o perjuicio que pudieran derivarse de dicho acceso o uso de la informaci\u00f3n.  <\/p><p>La ACC no garantiza ni asume ning\u00fan tipo de responsabilidad por los da\u00f1os y perjuicios sufridos por el acceso a contenidos de terceros a trav\u00e9s de las posibles conexiones, v\u00ednculos o links de los sitios enlazados desde esta P\u00e1gina Web. La funci\u00f3n que, en su caso, podr\u00edan tener tales hiperenlaces o dispositivos t\u00e9cnicos de enlace es exclusivamente la de informar a los Usuarios sobre la existencia de otras fuentes de informaci\u00f3n u otros contenidos y servicios de Internet. Estos contenidos de terceros son proporcionados por \u00e9stos, por lo que la ACC no puede controlar la licitud de tales contenidos ni, en su caso, la calidad de los servicios ofrecidos a trav\u00e9s de los mismos.  <\/p>\t\t\t\t\t\t<\/div>\n\t\t\t\t<\/div>\n\t\t\t\t<div class=\"elementor-element elementor-element-89f2678 elementor-widget elementor-widget-heading\" data-id=\"89f2678\" data-element_type=\"widget\" data-widget_type=\"heading.default\">\n\t\t\t\t<div class=\"elementor-widget-container\">\n\t\t\t<h2 class=\"elementor-heading-title elementor-size-default\">7. Propiedad industrial e intelectual<\/h2>\t\t<\/div>\n\t\t\t\t<\/div>\n\t\t\t\t<div class=\"elementor-element elementor-element-3a851ec elementor-widget elementor-widget-text-editor\" data-id=\"3a851ec\" data-element_type=\"widget\" data-widget_type=\"text-editor.default\">\n\t\t\t\t<div class=\"elementor-widget-container\">\n\t\t\t\t\t\t\t<p>Todos los derechos de propiedad industrial e intelectual, as\u00ed como toda la informaci\u00f3n contenida en la P\u00e1gina (im\u00e1genes, marcas, dise\u00f1os gr\u00e1ficos, c\u00f3digo fuente, dise\u00f1o, estructura de navegaci\u00f3n, bases de datos, y cualquier otro contenido que en la misma aparezca) son propiedad exclusiva de la Associaci\u00f3 o, en su caso, est\u00e1n debidamente licenciados por el titular de dichos signos o contenidos.<\/p><p>Las denominaciones de otros productos, servicios y\/o elementos que pudiesen aparecer en la P\u00e1gina Web pueden ser marcas u otros signos distintivos registrados por sus respectivos y leg\u00edtimos titulares, sin que pueda entenderse que el acceso o uso de la P\u00e1gina Web atribuya al Usuario derecho alguno sobre las citadas marcas o signos distintivos.<\/p><p>El Usuario queda \u00fanicamente autorizado para visualizar y obtener una copia privada temporal de los contenidos de la P\u00e1gina Web para su exclusivo uso personal y privado en sus sistemas inform\u00e1ticos. Al margen de los usos anteriores, quedan expresamente prohibidos al Usuario la reproducci\u00f3n, transformaci\u00f3n, distribuci\u00f3n, comunicaci\u00f3n p\u00fablica, puesta a disposici\u00f3n, extracci\u00f3n, reutilizaci\u00f3n, reenv\u00edo y\/o la utilizaci\u00f3n de cualquier naturaleza, por cualquier medio o procedimiento, de cualquiera de dichos contenidos, salvo en los casos en que est\u00e9 legalmente permitido o sea autorizado de forma expresa y por escrito por la Associaci\u00f3. <\/p><p>La utilizaci\u00f3n o explotaci\u00f3n no autorizada de la informaci\u00f3n contenida en la P\u00e1gina Web, as\u00ed como la infracci\u00f3n de los derechos de propiedad industrial e intelectual de la Associaci\u00f3, podr\u00e1 dar lugar a las responsabilidades y acciones legales que correspondan.<\/p>\t\t\t\t\t\t<\/div>\n\t\t\t\t<\/div>\n\t\t\t\t<div class=\"elementor-element elementor-element-7289ef8 elementor-widget elementor-widget-heading\" data-id=\"7289ef8\" data-element_type=\"widget\" data-widget_type=\"heading.default\">\n\t\t\t\t<div class=\"elementor-widget-container\">\n\t\t\t<h2 class=\"elementor-heading-title elementor-size-default\">8. Ley aplicable y jurisdicci\u00f3n<\/h2>\t\t<\/div>\n\t\t\t\t<\/div>\n\t\t\t\t<div class=\"elementor-element elementor-element-5a3c061 elementor-widget elementor-widget-text-editor\" data-id=\"5a3c061\" data-element_type=\"widget\" data-widget_type=\"text-editor.default\">\n\t\t\t\t<div class=\"elementor-widget-container\">\n\t\t\t\t\t\t\t<p>Este Aviso Legal se regir\u00e1 e interpretar\u00e1 conforme a la legislaci\u00f3n espa\u00f1ola.<\/p><p>Para la resoluci\u00f3n de cualesquiera controversias sobre la interpretaci\u00f3n, aplicaci\u00f3n o validez del presente Aviso Legal y sus condiciones, ambas Partes se someten a la jurisdicci\u00f3n de los juzgados y tribunales de Barcelona.<\/p>\t\t\t\t\t\t<\/div>\n\t\t\t\t<\/div>\n\t\t\t\t<div class=\"elementor-element elementor-element-136e3c7 elementor-widget elementor-widget-text-editor\" data-id=\"136e3c7\" data-element_type=\"widget\" data-widget_type=\"text-editor.default\">\n\t\t\t\t<div class=\"elementor-widget-container\">\n\t\t\t\t\t\t\t<p>Fecha de \u00faltima actualizaci\u00f3n: [28 de junio de 2023].<\/p>\t\t\t\t\t\t<\/div>\n\t\t\t\t<\/div>\n\t\t\t\t\t<\/div>\n\t\t\t\t<\/div>\n\t\t\t\t\t<\/div>\n\t\t\t\t<\/div>\n\t\t\t\t\t\t\t<\/div>\n\t\t","protected":false},"excerpt":{"rendered":"<p>Aviso Legal 1. Informaci\u00f3n registral de la P\u00e1gina Web Los datos registrales y de contacto del titular de esta p\u00e1gina web son: Titular: Associaci\u00f3 Catalana de Casinos (la \u201cAssociaci\u00f3 o ACC\u201d) Domicilio social: Pere II de Montcada 1, 08034 Barcelona N.I.F.: G-72892821 E-mail: info@associaciocatcasinos.cat Tel\u00e9fono: 93 503 86 00 Datos registrales: Inscrita en la Secci\u00f3n [&hellip;]<\/p>\n","protected":false},"author":1,"featured_media":0,"parent":0,"menu_order":0,"comment_status":"closed","ping_status":"closed","template":"","meta":{"footnotes":""},"class_list":["post-692","page","type-page","status-publish","hentry"],"_links":{"self":[{"href":"https:\/\/associaciocatcasinos.cat\/es\/wp-json\/wp\/v2\/pages\/692","targetHints":{"allow":["GET"]}}],"collection":[{"href":"https:\/\/associaciocatcasinos.cat\/es\/wp-json\/wp\/v2\/pages"}],"about":[{"href":"https:\/\/associaciocatcasinos.cat\/es\/wp-json\/wp\/v2\/types\/page"}],"author":[{"embeddable":true,"href":"https:\/\/associaciocatcasinos.cat\/es\/wp-json\/wp\/v2\/users\/1"}],"replies":[{"embeddable":true,"href":"https:\/\/associaciocatcasinos.cat\/es\/wp-json\/wp\/v2\/comments?post=692"}],"version-history":[{"count":7,"href":"https:\/\/associaciocatcasinos.cat\/es\/wp-json\/wp\/v2\/pages\/692\/revisions"}],"predecessor-version":[{"id":788,"href":"https:\/\/associaciocatcasinos.cat\/es\/wp-json\/wp\/v2\/pages\/692\/revisions\/788"}],"wp:attachment":[{"href":"https:\/\/associaciocatcasinos.cat\/es\/wp-json\/wp\/v2\/media?parent=692"}],"curies":[{"name":"wp","href":"https:\/\/api.w.org\/{rel}","templated":true}]}}